{"id":9,"date":"2022-11-15T22:49:01","date_gmt":"2022-11-15T21:49:01","guid":{"rendered":"https:\/\/www.ailesdelinfini.com\/?page_id=9"},"modified":"2023-02-24T00:06:54","modified_gmt":"2023-02-23T23:06:54","slug":"a-propos-de","status":"publish","type":"page","link":"https:\/\/www.ailesdelinfini.com\/?page_id=9","title":{"rendered":"Votre kin\u00e9siologue"},"content":{"rendered":"<div class=\"wp-block-image is-style-rounded\">\n<figure class=\"aligncenter size-large is-resized\"><img loading=\"lazy\" decoding=\"async\" src=\"https:\/\/www.ailesdelinfini.com\/wp-content\/uploads\/2023\/01\/Elise_Perrin-16-edited.jpg\" alt=\"\" class=\"wp-image-167\" width=\"420\" height=\"280\" srcset=\"https:\/\/www.ailesdelinfini.com\/wp-content\/uploads\/2023\/01\/Elise_Perrin-16-edited.jpg 2372w, https:\/\/www.ailesdelinfini.com\/wp-content\/uploads\/2023\/01\/Elise_Perrin-16-edited-300x200.jpg 300w, https:\/\/www.ailesdelinfini.com\/wp-content\/uploads\/2023\/01\/Elise_Perrin-16-edited-1024x683.jpg 1024w, https:\/\/www.ailesdelinfini.com\/wp-content\/uploads\/2023\/01\/Elise_Perrin-16-edited-768x512.jpg 768w, https:\/\/www.ailesdelinfini.com\/wp-content\/uploads\/2023\/01\/Elise_Perrin-16-edited-1536x1024.jpg 1536w, https:\/\/www.ailesdelinfini.com\/wp-content\/uploads\/2023\/01\/Elise_Perrin-16-edited-2048x1365.jpg 2048w\" sizes=\"auto, (max-width: 420px) 100vw, 420px\" \/><figcaption class=\"wp-element-caption\">  <\/figcaption><\/figure>\n<\/div>\n\n\n<p>Je suis Elise, profond\u00e9ment humaine et toujours tourn\u00e9e vers les autres. <\/p>\n\n\n\n<p>Apr\u00e8s 20 ann\u00e9es pass\u00e9es dans le secteur banque &amp; assurances, en charge de la qualit\u00e9, la relation client et de la ma\u00eetrise des risques, j&rsquo;ai eu envie de donner plus de sens \u00e0 ma vie et de me tourner totalement vers les personnes et les animaux pour les accompagner sur leur chemin du mieux-\u00eatre. <\/p>\n\n\n\n<p>Je connaissais bien la kin\u00e9siologie \u00e9tant cliente depuis plusieurs ann\u00e9es tout d&rsquo;abord pour mon fils, puis pour moi. La kin\u00e9siologie nous a apport\u00e9 beaucoup, tant en confort et de bien \u00eatre dans notre quotidien, au sein de notre cellule familiale et de nos relations sociales, dans notre compr\u00e9hension de nous-m\u00eame et des autres. <\/p>\n\n\n\n<p>Aussi, une fois pr\u00eate je me suis lanc\u00e9e et j&rsquo;ai r\u00e9alis\u00e9 cette formation afin de m&rsquo;\u00e9panouir pleinement en \u00e9tant enfin \u00e0 ma juste place, \u00e0 vos c\u00f4t\u00e9s pour vous accompagner \u00e0 mon tour avec toute ma bienveillance. <\/p>\n\n\n\n<p>Je suis Certifi\u00e9e par la 1\u00e8re \u00e9cole de kin\u00e9siologie en France, l&rsquo;EKMA (Ecole de Kin\u00e9siologie et M\u00e9thodes Associ\u00e9es) et membre du SKPF (Syndicat des Kin\u00e9siologues Professionnels Fran\u00e7ais). <\/p>\n","protected":false},"excerpt":{"rendered":"<p>Je suis Elise, profond\u00e9ment humaine et toujours tourn\u00e9e vers les autres. Apr\u00e8s 20 ann\u00e9es pass\u00e9es dans le secteur banque &amp; assurances, en charge de la qualit\u00e9, la relation client et de la ma\u00eetrise des risques, j&rsquo;ai eu envie de donner plus de sens \u00e0 ma vie et de me tourner totalement vers les personnes et &hellip; <\/p>\n<p class=\"link-more\"><a href=\"https:\/\/www.ailesdelinfini.com\/?page_id=9\" class=\"more-link\">Continuer la lecture<span class=\"screen-reader-text\"> de &laquo;&nbsp;Votre kin\u00e9siologue&nbsp;&raquo;<\/span><\/a><\/p>\n","protected":false},"author":1,"featured_media":0,"parent":0,"menu_order":0,"comment_status":"closed","ping_status":"closed","template":"","meta":{"footnotes":""},"class_list":["post-9","page","type-page","status-publish","hentry"],"_links":{"self":[{"href":"https:\/\/www.ailesdelinfini.com\/index.php?rest_route=\/wp\/v2\/pages\/9","targetHints":{"allow":["GET"]}}],"collection":[{"href":"https:\/\/www.ailesdelinfini.com\/index.php?rest_route=\/wp\/v2\/pages"}],"about":[{"href":"https:\/\/www.ailesdelinfini.com\/index.php?rest_route=\/wp\/v2\/types\/page"}],"author":[{"embeddable":true,"href":"https:\/\/www.ailesdelinfini.com\/index.php?rest_route=\/wp\/v2\/users\/1"}],"replies":[{"embeddable":true,"href":"https:\/\/www.ailesdelinfini.com\/index.php?rest_route=%2Fwp%2Fv2%2Fcomments&post=9"}],"version-history":[{"count":12,"href":"https:\/\/www.ailesdelinfini.com\/index.php?rest_route=\/wp\/v2\/pages\/9\/revisions"}],"predecessor-version":[{"id":358,"href":"https:\/\/www.ailesdelinfini.com\/index.php?rest_route=\/wp\/v2\/pages\/9\/revisions\/358"}],"wp:attachment":[{"href":"https:\/\/www.ailesdelinfini.com\/index.php?rest_route=%2Fwp%2Fv2%2Fmedia&parent=9"}],"curies":[{"name":"wp","href":"https:\/\/api.w.org\/{rel}","templated":true}]}}