{"id":3,"date":"2022-11-15T22:38:29","date_gmt":"2022-11-15T21:38:29","guid":{"rendered":"https:\/\/www.ailesdelinfini.com\/?page_id=3"},"modified":"2023-02-22T18:23:32","modified_gmt":"2023-02-22T17:23:32","slug":"politique-de-confidentialite","status":"publish","type":"page","link":"https:\/\/www.ailesdelinfini.com\/?page_id=3","title":{"rendered":"Politique de confidentialit\u00e9"},"content":{"rendered":"\n<h2 class=\"wp-block-heading\">L\u2019adresse de notre site est&nbsp;: https:\/\/www.ailesdelinfini.com.<\/h2>\n\n\n\n<p><\/p>\n\n\n\n<p>Conform\u00e9ment aux dispositions des Articles 6-III et 19 de la Loi n\u00b0<a href=\"tel:2004-575\">2004-575<\/a>&nbsp;du 21 juin 2004 pour la Confiance dans l&rsquo;\u00e9conomie num\u00e9rique, dite L.C.E.N., les pr\u00e9sentes Mentions l\u00e9gales avec les conditions g\u00e9n\u00e9rales d\u2019utilisation (\u00ab CGU \u00bb) ont pour objet l\u2019encadrement juridique des modalit\u00e9s de mise \u00e0 disposition du site ailesdelinfini.com et des services par \u00ab le Propri\u00e9taire \u00bb, et de d\u00e9finir les conditions d\u2019acc\u00e8s et d\u2019utilisation des services par \u00ab l\u2019Utilisateur \u00bb.<\/p>\n\n\n\n<p>Le site ailesdelinfini.com est accessible \u00e0 l&rsquo;adresse suivante : www.ailesdelinfini.com L&rsquo;acc\u00e8s et l&rsquo;utilisation du Site sont soumis aux pr\u00e9sentes \u00ab\u00a0Mentions l\u00e9gales\u00a0\u00bb d\u00e9taill\u00e9es ci-apr\u00e8s ainsi qu&rsquo;aux lois et\/ou r\u00e8glements applicables. La connexion, l&rsquo;utilisation et l&rsquo;acc\u00e8s \u00e0 ce Site impliquent l&rsquo;acceptation int\u00e9grale et sans r\u00e9serve de l&rsquo;Utilisateur de toutes les dispositions des pr\u00e9sentes Mentions L\u00e9gales.<\/p>\n\n\n\n<p><strong>1. Informations l\u00e9gales<\/strong>\u200b<\/p>\n\n\n\n<p>Propri\u00e9taire du site : Mme \u00c9lise Perrin &#8211; SIRET 91508402400016 &#8211; 17, rue du Moulin de Farault- 45390 Aulnay-La-Rivi\u00e8re (France) &#8211; +33(0)768391238&nbsp; &nbsp;<\/p>\n\n\n\n<p>Cr\u00e9ateur : Elise Perrin <\/p>\n\n\n\n<p>Responsable publication : \u00c9lise Perrin <br><\/p>\n\n\n\n<p>Le responsable publication est une personne physique ou une personne morale.<\/p>\n\n\n\n<p>&nbsp;Le site ailesdelinfini.com est mis \u00e0 jour r\u00e9guli\u00e8rement.<\/p>\n\n\n\n<p>Webmaster : \u00c9lise Perrin<\/p>\n\n\n\n<p>H\u00e9bergeur : OVH &#8211; 2, rue Kellermann &#8211; 59100 Roubaix (France)<\/p>\n\n\n\n<p>Cr\u00e9dits photos : M. Luka Kellou (Fontainebleau) &#8211; lukakellou.com<\/p>\n\n\n\n<p><\/p>\n\n\n\n<p><strong>2. Acc\u00e8s au site<\/strong><\/p>\n\n\n\n<p>Le site ailesdelinfini.com est accessible gratuitement en tout lieu \u00e0 tout Utilisateur ayant un acc\u00e8s \u00e0 Internet. Tous les frais pour acc\u00e9der au service (mat\u00e9riel informatique, logiciels, connexion Internet, etc.) sont \u00e0 la charge de l&rsquo;Utilisateur.&nbsp;<\/p>\n\n\n\n<p>Par principe, il est accessible aux Utilisateurs 24\/24h et 7\/7j, sauf interruption, programm\u00e9e ou non, pour des besoins de maintenance ou en cas de force majeure. En cas d&rsquo;impossibilit\u00e9 d&rsquo;acc\u00e8s au Site, celui-ci s&rsquo;engage \u00e0 faire son maximum afin d&rsquo;en r\u00e9tablir l&rsquo;acc\u00e8s. Le Site ne saurait \u00eatre tenu pour responsable de tout dommage, quelle qu&rsquo;en soit la nature, r\u00e9sultant de son indisponibilit\u00e9.<\/p>\n\n\n\n<p><strong>3. Description des services fournis<\/strong><\/p>\n\n\n\n<p>Le site ailesdelinfini.com a pour vocation de fournir les informations suivantes :<\/p>\n\n\n\n<ul class=\"wp-block-list\">\n<li>Informations kin\u00e9siologie <\/li>\n\n\n\n<li>informations s\u00e9ances de kin\u00e9siologie dont animali\u00e8res, de r\u00e9flexologie de cranio sacr\u00e9e, de d\u00e9toxination \u00e0 fleur de peau<\/li>\n\n\n\n<li>pr\u00e9sentation \u00c9lise Perrin <\/li>\n\n\n\n<li>conditions tarifaires<\/li>\n\n\n\n<li>t\u00e9moignages <\/li>\n<\/ul>\n\n\n\n<p><strong>4. Collecte des donn\u00e9es et politique de confidentialit\u00e9<\/strong><\/p>\n\n\n\n<p>Le site est exempt\u00e9 de d\u00e9claration \u00e0 la Commission Nationale Informatique et Libert\u00e9s (CNIL) dans la mesure o\u00f9 il ne collecte aucune donn\u00e9e concernant les Utilisateurs.<\/p>\n\n\n\n<p>Les commentaires publi\u00e9s par les clients sur d&rsquo;autres sites peuvent \u00eatre repris sur la page T\u00e9moignages. Les t\u00e9moignages publi\u00e9s uniquement sur le site ailesdelinfini.com le sont par le Responsable de publication avec l&rsquo;accord des clients qui, par ailleurs, fournissent eux-m\u00eames le contenu \u00e0 publier.<\/p>\n\n\n\n<p><strong>5. <\/strong><strong class=\"privacy-policy-tutorial\">Dur\u00e9es de stockage de vos donn\u00e9es <\/strong><\/p>\n\n\n\n<p><strong class=\"privacy-policy-tutorial\"> <\/strong>Si vous laissez un commentaire sur le site ailesdelinfini.com, le commentaire et ses m\u00e9tadonn\u00e9es sont conserv\u00e9s ind\u00e9finiment. Cela permet de reconna\u00eetre et approuver automatiquement les commentaires suivants au lieu de les laisser dans la file de mod\u00e9ration.<\/p>\n\n\n\n<p><strong>6. L<\/strong><strong class=\"privacy-policy-tutorial\">es droits que vous avez sur vos donn\u00e9es\u00a0: <\/strong><\/p>\n\n\n\n<p>Si vous avez laiss\u00e9 des commentaires sur le site ailesdelinfini.com, vous pouvez demander \u00e0 recevoir un fichier contenant toutes les donn\u00e9es personnelles que nous poss\u00e9dons \u00e0 votre sujet, incluant celles que vous nous avez fournies. Vous pouvez \u00e9galement demander la suppression des donn\u00e9es personnelles vous concernant. Cela ne prend pas en compte les donn\u00e9es stock\u00e9es \u00e0 des fins administratives, l\u00e9gales ou pour des raisons de s\u00e9curit\u00e9.<\/p>\n\n\n\n<p><strong>7. Propri\u00e9t\u00e9 intellectuelle<\/strong><\/p>\n\n\n\n<p>Les marques, logos, signes ainsi que tous les contenus du site ailesdelinfini.com (textes, images, son\u2026) font l\u2019objet d\u2019une protection par le Code de la propri\u00e9t\u00e9 intellectuelle et plus particuli\u00e8rement par le droit d\u2019auteur.\u00a0L\u2019Utilisateur doit solliciter l\u2019autorisation pr\u00e9alable du site pour toute reproduction, publication, copie des diff\u00e9rents contenus. Il s\u2019engage \u00e0 une utilisation des contenus du site dans un cadre strictement priv\u00e9, toute utilisation \u00e0 des fins commerciales et publicitaires est strictement interdite.<\/p>\n\n\n\n<p>Toute repr\u00e9sentation totale ou partielle du site ailesdelinfini.com par quelque proc\u00e9d\u00e9 que ce soit, sans l\u2019autorisation expresse du Propri\u00e9taire du site Internet constituerait une contrefa\u00e7on sanctionn\u00e9e par l\u2019article L 335-2 et suivants du Code de la propri\u00e9t\u00e9 intellectuelle.<\/p>\n\n\n\n<p>Il est rappel\u00e9 conform\u00e9ment \u00e0 l\u2019article L122-5 du Code de propri\u00e9t\u00e9 intellectuelle que l\u2019Utilisateur qui reproduit, copie ou publie le contenu prot\u00e9g\u00e9 doit citer l\u2019auteur et sa source.<\/p>\n\n\n\n<p><strong>8. Responsabilit\u00e9<\/strong><\/p>\n\n\n\n<p>Les sources des informations diffus\u00e9es sur le site ailesdelinfini.com sont r\u00e9put\u00e9es fiables mais le site ne garantit pas qu\u2019il soit exempt de d\u00e9fauts, d\u2019erreurs ou d\u2019omissions.<\/p>\n\n\n\n<p>Les informations communiqu\u00e9es sont pr\u00e9sent\u00e9es \u00e0 titre indicatif et g\u00e9n\u00e9ral sans valeur contractuelle. Malgr\u00e9 des mises \u00e0 jour r\u00e9guli\u00e8res, le site&nbsp;ailesdelinfini.com ne peut \u00eatre tenu responsable de la modification des dispositions administratives et juridiques survenant apr\u00e8s la publication. De m\u00eame, le site ne peut \u00eatre tenu responsable de l\u2019utilisation et de l\u2019interpr\u00e9tation de l\u2019information contenue dans ce site.<\/p>\n\n\n\n<p>Le site&nbsp;ailesdelinfini.com ne peut \u00eatre tenu pour responsable d\u2019\u00e9ventuels virus qui pourraient infecter l\u2019ordinateur ou tout mat\u00e9riel informatique de l&rsquo;Utilisateur, suite \u00e0 une utilisation, \u00e0 l\u2019acc\u00e8s, ou au t\u00e9l\u00e9chargement provenant de ce site.<\/p>\n\n\n\n<p>La responsabilit\u00e9 du site ne peut \u00eatre engag\u00e9e en cas de force majeure ou du fait impr\u00e9visible et insurmontable d\u2019un tiers.<\/p>\n\n\n\n<p><strong>9. Liens hypertextes<\/strong><\/p>\n\n\n\n<p>Des liens hypertextes peuvent \u00eatre pr\u00e9sents sur le site. L&rsquo;Utilisateur est inform\u00e9 qu&rsquo;en cliquant sur ces liens, il sortira du site ailesdelinfini.com Ce dernier n&rsquo;a pas de contr\u00f4le sur les pages web sur lesquelles aboutissent ces liens, et ne saurait, en aucun cas, \u00eatre responsable de leur contenu.<\/p>\n\n\n\n<p><strong>10. Cookies<\/strong><\/p>\n\n\n\n<p>L&rsquo;Utilisateur est inform\u00e9 que lors de ses visites sur le site ailesdelinfini.com, un cookie peut s&rsquo;installer automatiquement sur son logiciel de navigation. Les cookies sont de petits fichiers stock\u00e9s temporairement sur le disque dur de l&rsquo;ordinateur de l&rsquo;Utilisateur par votre navigateur, et qui son n\u00e9cessaires \u00e0 l&rsquo;utilisation du site emiliepetit-kinesiologie.com. Les cookies ne contiennent pas d&rsquo;information personnelle et ne peuvent pas \u00eatre utilis\u00e9s pour identifier quelqu&rsquo;un. Un cookie contient un identifiant unique, g\u00e9n\u00e9r\u00e9 al\u00e9atoirement et donc anonyme. Certains cookies expirent \u00e0 la fin de la visite de l&rsquo;Utilisateur, d&rsquo;autres restent.<\/p>\n\n\n\n<p>L&rsquo;information contenue dans les cookies est utilis\u00e9e pour traiter des statistiques et des informations sur le trafic, faciliter la navigation et am\u00e9liorer le service pour le confort de l&rsquo;Utilisateur.<\/p>\n\n\n\n<p>En navigant sur le site, l&rsquo;Utilisateur les accepte. L&rsquo;Utilisateur doit toutefois donner son consentement quant \u00e0 l&rsquo;utilisation de certains cookies. A d\u00e9faut d&rsquo;acceptation, l&rsquo;Utilisateur est inform\u00e9 que certaines fonctionnalit\u00e9s ou pages risquent de lui \u00eatre refus\u00e9es.<\/p>\n\n\n\n<p>L&rsquo;Utilisateur peut d\u00e9sactiver ces cookies via les param\u00e8tres de son logiciel de navigation.<\/p>\n\n\n\n<p><strong>11. Droit applicable et juridiction comp\u00e9tente<\/strong><\/p>\n\n\n\n<p>Les pr\u00e9sentes Mentions L\u00e9gales sont r\u00e9gies par la loi fran\u00e7aise. En cas de diff\u00e9rend et \u00e0 d\u00e9faut d&rsquo;accord amiable, le litige sera port\u00e9 devant les tribunaux fran\u00e7ais conform\u00e9ment aux r\u00e8gles de comp\u00e9tence en vigueur.<\/p>\n\n\n\n<p><strong>12. M\u00e9diation de la consommation<\/strong><\/p>\n\n\n\n<p>Conform\u00e9ment aux articles L.616-1 et R.616-1 du code de la consommation, nous proposons un dispositif de m\u00e9diation de la consommation. L&rsquo;entit\u00e9 de m\u00e9diation retenue est : CNPM &#8211; MEDIATION DE LA CONSOMMATION. En cas de litige, vous pouvez d\u00e9poser votre r\u00e9clamation sur son site :&nbsp;<a rel=\"noreferrer noopener\" href=\"https:\/\/cnpm-mediation-consommation.eu\/\" target=\"_blank\">https:\/\/cnpm-mediation-consommation.eu<\/a> ou par voie postale en \u00e9crivant \u00e0 CNPM &#8211; MEDIATION &#8211; CONSOMMATION &#8211; 27 avenue de la lib\u00e9ration &#8211; 42400 Saint-Chamond.<\/p>\n\n\n\n<p><\/p>\n\n\n\n<p><\/p>\n\n\n\n<h2 class=\"wp-block-heading\"><\/h2>\n\n\n\n<p><\/p>\n","protected":false},"excerpt":{"rendered":"<p>L\u2019adresse de notre site est&nbsp;: https:\/\/www.ailesdelinfini.com. Conform\u00e9ment aux dispositions des Articles 6-III et 19 de la Loi n\u00b02004-575&nbsp;du 21 juin 2004 pour la Confiance dans l&rsquo;\u00e9conomie num\u00e9rique, dite L.C.E.N., les pr\u00e9sentes Mentions l\u00e9gales avec les conditions g\u00e9n\u00e9rales d\u2019utilisation (\u00ab CGU \u00bb) ont pour objet l\u2019encadrement juridique des modalit\u00e9s de mise \u00e0 disposition du site ailesdelinfini.com &hellip; <\/p>\n<p class=\"link-more\"><a href=\"https:\/\/www.ailesdelinfini.com\/?page_id=3\" class=\"more-link\">Continuer la lecture<span class=\"screen-reader-text\"> de &laquo;&nbsp;Politique de confidentialit\u00e9&nbsp;&raquo;<\/span><\/a><\/p>\n","protected":false},"author":1,"featured_media":0,"parent":0,"menu_order":0,"comment_status":"closed","ping_status":"open","template":"","meta":{"footnotes":""},"class_list":["post-3","page","type-page","status-publish","hentry"],"_links":{"self":[{"href":"https:\/\/www.ailesdelinfini.com\/index.php?rest_route=\/wp\/v2\/pages\/3","targetHints":{"allow":["GET"]}}],"collection":[{"href":"https:\/\/www.ailesdelinfini.com\/index.php?rest_route=\/wp\/v2\/pages"}],"about":[{"href":"https:\/\/www.ailesdelinfini.com\/index.php?rest_route=\/wp\/v2\/types\/page"}],"author":[{"embeddable":true,"href":"https:\/\/www.ailesdelinfini.com\/index.php?rest_route=\/wp\/v2\/users\/1"}],"replies":[{"embeddable":true,"href":"https:\/\/www.ailesdelinfini.com\/index.php?rest_route=%2Fwp%2Fv2%2Fcomments&post=3"}],"version-history":[{"count":5,"href":"https:\/\/www.ailesdelinfini.com\/index.php?rest_route=\/wp\/v2\/pages\/3\/revisions"}],"predecessor-version":[{"id":350,"href":"https:\/\/www.ailesdelinfini.com\/index.php?rest_route=\/wp\/v2\/pages\/3\/revisions\/350"}],"wp:attachment":[{"href":"https:\/\/www.ailesdelinfini.com\/index.php?rest_route=%2Fwp%2Fv2%2Fmedia&parent=3"}],"curies":[{"name":"wp","href":"https:\/\/api.w.org\/{rel}","templated":true}]}}