{"id":292,"date":"2023-02-01T21:06:48","date_gmt":"2023-02-01T20:06:48","guid":{"rendered":"https:\/\/www.ailesdelinfini.com\/?page_id=292"},"modified":"2023-03-06T23:36:04","modified_gmt":"2023-03-06T22:36:04","slug":"kinesiologie-animaliere","status":"publish","type":"page","link":"https:\/\/www.ailesdelinfini.com\/?page_id=292","title":{"rendered":"kin\u00e9siologie animali\u00e8re"},"content":{"rendered":"\n<div class=\"wp-block-columns is-layout-flex wp-container-core-columns-is-layout-9d6595d7 wp-block-columns-is-layout-flex\">\n<div class=\"wp-block-column is-layout-flow wp-block-column-is-layout-flow\"><\/div>\n\n\n\n<div class=\"wp-block-column is-layout-flow wp-block-column-is-layout-flow\"><\/div>\n<\/div>\n\n\n\n<div class=\"wp-block-columns is-layout-flex wp-container-core-columns-is-layout-9d6595d7 wp-block-columns-is-layout-flex\">\n<div class=\"wp-block-column is-layout-flow wp-block-column-is-layout-flow\" style=\"flex-basis:66.66%\">\n<p>Nos chers amis animaux sont pourvus, tout comme nous, d&rsquo;\u00e9motions et de sentiments. Ils nous donnent sans compter leur amour, leur affection et leur complicit\u00e9. Mais  ils peuvent \u00e9galement vivre des \u00e9v\u00e8nements marquants, des traumatismes, ressentir du stress, des douleurs qui vont les impacter, voir m\u00eame dans certains cas, modifier leurs comportements.<\/p>\n<\/div>\n\n\n\n<div class=\"wp-block-column is-layout-flow wp-block-column-is-layout-flow\" style=\"flex-basis:33.33%\">\n<figure class=\"wp-block-image size-large is-resized is-style-rounded\"><img loading=\"lazy\" decoding=\"async\" src=\"https:\/\/www.ailesdelinfini.com\/wp-content\/uploads\/2023\/03\/cat-gf2654576e_1920-1024x683.jpg\" alt=\"\" class=\"wp-image-384\" width=\"268\" height=\"178\" srcset=\"https:\/\/www.ailesdelinfini.com\/wp-content\/uploads\/2023\/03\/cat-gf2654576e_1920-1024x683.jpg 1024w, https:\/\/www.ailesdelinfini.com\/wp-content\/uploads\/2023\/03\/cat-gf2654576e_1920-300x200.jpg 300w, https:\/\/www.ailesdelinfini.com\/wp-content\/uploads\/2023\/03\/cat-gf2654576e_1920-768x512.jpg 768w, https:\/\/www.ailesdelinfini.com\/wp-content\/uploads\/2023\/03\/cat-gf2654576e_1920-1536x1024.jpg 1536w, https:\/\/www.ailesdelinfini.com\/wp-content\/uploads\/2023\/03\/cat-gf2654576e_1920.jpg 1920w\" sizes=\"auto, (max-width: 268px) 100vw, 268px\" \/><\/figure>\n<\/div>\n<\/div>\n\n\n\n<p>C&rsquo;est alors que la kin\u00e9siologie animali\u00e8re peut les accompagner pour lever leurs blocages,  lib\u00e9rer leurs maux, relancer l&rsquo;\u00e9nergie dont ils ont besoin pour retrouver leurs pleins moyens et le chemin de leur bien \u00eatre. <\/p>\n\n\n\n<h2 class=\"wp-block-heading\">Pour qui ?<\/h2>\n\n\n\n<p>Tous les animaux qu&rsquo;ils soient, \u00e0 plumes, \u00e0 poils ou \u00e0 \u00e9cailles; domestiques, de la ferme, d\u2019\u00e9levage ou sauvages&#8230;.. tout \u00eatre qui est cher \u00e0 votre c\u0153ur\ud83d\udc9a.<\/p>\n\n\n<div class=\"wp-block-image is-style-rounded\">\n<figure class=\"aligncenter size-large is-resized\"><img decoding=\"async\" src=\"https:\/\/www.ailesdelinfini.com\/wp-content\/uploads\/2023\/03\/Elise-Perrin_Kiesiologie_Animaliere_Poule-1024x768.jpg\" alt=\"\" class=\"wp-image-395\" width=\"-270\" height=\"-202\" srcset=\"https:\/\/www.ailesdelinfini.com\/wp-content\/uploads\/2023\/03\/Elise-Perrin_Kiesiologie_Animaliere_Poule-1024x768.jpg 1024w, https:\/\/www.ailesdelinfini.com\/wp-content\/uploads\/2023\/03\/Elise-Perrin_Kiesiologie_Animaliere_Poule-300x225.jpg 300w, https:\/\/www.ailesdelinfini.com\/wp-content\/uploads\/2023\/03\/Elise-Perrin_Kiesiologie_Animaliere_Poule-768x576.jpg 768w, https:\/\/www.ailesdelinfini.com\/wp-content\/uploads\/2023\/03\/Elise-Perrin_Kiesiologie_Animaliere_Poule-1536x1152.jpg 1536w, https:\/\/www.ailesdelinfini.com\/wp-content\/uploads\/2023\/03\/Elise-Perrin_Kiesiologie_Animaliere_Poule-2048x1536.jpg 2048w\" sizes=\"(max-width: 767px) 89vw, (max-width: 1000px) 54vw, (max-width: 1071px) 543px, 580px\" \/><\/figure>\n<\/div>\n\n\n<h2 class=\"wp-block-heading\">Comment se d\u00e9roule une s\u00e9ance ?<\/h2>\n\n\n\n<div class=\"wp-block-columns is-layout-flex wp-container-core-columns-is-layout-9d6595d7 wp-block-columns-is-layout-flex\">\n<div class=\"wp-block-column is-layout-flow wp-block-column-is-layout-flow\" style=\"flex-basis:33.33%\"><div class=\"wp-block-image is-style-rounded\">\n<figure class=\"aligncenter size-large is-resized\"><img loading=\"lazy\" decoding=\"async\" src=\"https:\/\/www.ailesdelinfini.com\/wp-content\/uploads\/2023\/03\/miniature-horse-gdc37a663c_1920-1-996x1024.jpg\" alt=\"\" class=\"wp-image-389\" width=\"227\" height=\"233\" srcset=\"https:\/\/www.ailesdelinfini.com\/wp-content\/uploads\/2023\/03\/miniature-horse-gdc37a663c_1920-1-996x1024.jpg 996w, https:\/\/www.ailesdelinfini.com\/wp-content\/uploads\/2023\/03\/miniature-horse-gdc37a663c_1920-1-292x300.jpg 292w, https:\/\/www.ailesdelinfini.com\/wp-content\/uploads\/2023\/03\/miniature-horse-gdc37a663c_1920-1-768x790.jpg 768w, https:\/\/www.ailesdelinfini.com\/wp-content\/uploads\/2023\/03\/miniature-horse-gdc37a663c_1920-1-1494x1536.jpg 1494w, https:\/\/www.ailesdelinfini.com\/wp-content\/uploads\/2023\/03\/miniature-horse-gdc37a663c_1920-1.jpg 1867w\" sizes=\"auto, (max-width: 227px) 100vw, 227px\" \/><\/figure>\n<\/div><\/div>\n\n\n\n<div class=\"wp-block-column is-layout-flow wp-block-column-is-layout-flow\" style=\"flex-basis:66.66%\">\n<p>Vous allez me d\u00e9crire en quelques mots les raisons de la consultation, les difficult\u00e9s \u00e9ventuelles rencontr\u00e9es par votre animal. Puis je r\u00e9aliserai la s\u00e9ance en transfert sur vous, son propri\u00e9taire, ou \u00e9ventuellement directement sur votre animal (essentiellement sur les chevaux). Puis, gr\u00e2ce au test musculaire, j&rsquo;acc\u00e8derai aux informations en lien avec l&rsquo;objet de la s\u00e9ance. Celles ci me permettront de remonter \u00e0 l&rsquo;origine des maux de votre animal puis d&rsquo;identifier les \u00e9quilibrations dont il a besoin pour lib\u00e9rer ses blocages, ses peurs, ses frustrations,  ses douleurs \u00e9motionnelles et relancer ses propres ressources pour qu&rsquo;il retrouve son bien \u00eatre, son \u00e9quilibre et son harmonie int\u00e9rieure. <\/p>\n<\/div>\n<\/div>\n\n\n\n<h2 class=\"wp-block-heading\">Questions fr\u00e9quentes<\/h2>\n\n\n\n<p>Faut il pr\u00e9voir plusieurs s\u00e9ances? Chaque animal est unique, et le besoin de chaque animal  est propre \u00e0 son v\u00e9cu, \u00e0 sa sensibilit\u00e9. Aussi, cela d\u00e9pend. A la fin de la s\u00e9ance, je pourrai interroger votre animal pour savoir si cela serait b\u00e9n\u00e9fique pour lui de reprendre un rendez-vous. <\/p>\n\n\n\n<p>Un d\u00e9lai de 3 semaines est n\u00e9cessaire entre deux s\u00e9ances, afin de permettre au corps d&rsquo;assimiler tous les changements et transformations. Je vous conseille le m\u00eame d\u00e9lai entre une s\u00e9ance de kin\u00e9siologie et un autre soin (shiatsu, ost\u00e9opathie, soin \u00e9nerg\u00e9tique, &#8230;) que ce soit avant ou apr\u00e8s\ud83d\ude09 <\/p>\n\n\n\n<p>Dur\u00e9e de la s\u00e9ance : en moyenne 1h \u00e0 1h15.<\/p>\n\n\n<div class=\"wp-block-image is-style-rounded\">\n<figure class=\"aligncenter size-large is-resized\"><img loading=\"lazy\" decoding=\"async\" src=\"https:\/\/www.ailesdelinfini.com\/wp-content\/uploads\/2023\/03\/cat-gd60408847_1920-2-1024x715.jpg\" alt=\"\" class=\"wp-image-393\" width=\"399\" height=\"278\" srcset=\"https:\/\/www.ailesdelinfini.com\/wp-content\/uploads\/2023\/03\/cat-gd60408847_1920-2-1024x715.jpg 1024w, https:\/\/www.ailesdelinfini.com\/wp-content\/uploads\/2023\/03\/cat-gd60408847_1920-2-300x209.jpg 300w, https:\/\/www.ailesdelinfini.com\/wp-content\/uploads\/2023\/03\/cat-gd60408847_1920-2-768x536.jpg 768w, https:\/\/www.ailesdelinfini.com\/wp-content\/uploads\/2023\/03\/cat-gd60408847_1920-2-1536x1072.jpg 1536w, https:\/\/www.ailesdelinfini.com\/wp-content\/uploads\/2023\/03\/cat-gd60408847_1920-2.jpg 1920w\" sizes=\"auto, (max-width: 399px) 100vw, 399px\" \/><\/figure>\n<\/div>","protected":false},"excerpt":{"rendered":"<p>Nos chers amis animaux sont pourvus, tout comme nous, d&rsquo;\u00e9motions et de sentiments. Ils nous donnent sans compter leur amour, leur affection et leur complicit\u00e9. Mais ils peuvent \u00e9galement vivre des \u00e9v\u00e8nements marquants, des traumatismes, ressentir du stress, des douleurs qui vont les impacter, voir m\u00eame dans certains cas, modifier leurs comportements. C&rsquo;est alors que &hellip; <\/p>\n<p class=\"link-more\"><a href=\"https:\/\/www.ailesdelinfini.com\/?page_id=292\" class=\"more-link\">Continuer la lecture<span class=\"screen-reader-text\"> de &laquo;&nbsp;kin\u00e9siologie animali\u00e8re&nbsp;&raquo;<\/span><\/a><\/p>\n","protected":false},"author":1,"featured_media":0,"parent":0,"menu_order":0,"comment_status":"closed","ping_status":"closed","template":"","meta":{"footnotes":""},"class_list":["post-292","page","type-page","status-publish","hentry"],"_links":{"self":[{"href":"https:\/\/www.ailesdelinfini.com\/index.php?rest_route=\/wp\/v2\/pages\/292","targetHints":{"allow":["GET"]}}],"collection":[{"href":"https:\/\/www.ailesdelinfini.com\/index.php?rest_route=\/wp\/v2\/pages"}],"about":[{"href":"https:\/\/www.ailesdelinfini.com\/index.php?rest_route=\/wp\/v2\/types\/page"}],"author":[{"embeddable":true,"href":"https:\/\/www.ailesdelinfini.com\/index.php?rest_route=\/wp\/v2\/users\/1"}],"replies":[{"embeddable":true,"href":"https:\/\/www.ailesdelinfini.com\/index.php?rest_route=%2Fwp%2Fv2%2Fcomments&post=292"}],"version-history":[{"count":16,"href":"https:\/\/www.ailesdelinfini.com\/index.php?rest_route=\/wp\/v2\/pages\/292\/revisions"}],"predecessor-version":[{"id":402,"href":"https:\/\/www.ailesdelinfini.com\/index.php?rest_route=\/wp\/v2\/pages\/292\/revisions\/402"}],"wp:attachment":[{"href":"https:\/\/www.ailesdelinfini.com\/index.php?rest_route=%2Fwp%2Fv2%2Fmedia&parent=292"}],"curies":[{"name":"wp","href":"https:\/\/api.w.org\/{rel}","templated":true}]}}