{"id":290,"date":"2023-02-01T21:06:04","date_gmt":"2023-02-01T20:06:04","guid":{"rendered":"https:\/\/www.ailesdelinfini.com\/?page_id=290"},"modified":"2023-02-27T00:14:24","modified_gmt":"2023-02-26T23:14:24","slug":"detoxination-a-fleur-de-peau","status":"publish","type":"page","link":"https:\/\/www.ailesdelinfini.com\/?page_id=290","title":{"rendered":"D\u00e9toxination \u00e0 fleur de peau"},"content":{"rendered":"\n<h2 class=\"wp-block-heading\">La d\u00e9toxination \u00e0 fleur de peau, en quoi cela consiste <\/h2>\n\n\n\n<div class=\"wp-block-columns is-layout-flex wp-container-core-columns-is-layout-9d6595d7 wp-block-columns-is-layout-flex\">\n<div class=\"wp-block-column is-layout-flow wp-block-column-is-layout-flow\" style=\"flex-basis:33.33%\">\n<figure class=\"wp-block-image size-large is-resized is-style-default\"><img loading=\"lazy\" decoding=\"async\" src=\"https:\/\/www.ailesdelinfini.com\/wp-content\/uploads\/2023\/02\/Elise_Perrin-12-683x1024.jpg\" alt=\"\" class=\"wp-image-263\" width=\"197\" height=\"295\" srcset=\"https:\/\/www.ailesdelinfini.com\/wp-content\/uploads\/2023\/02\/Elise_Perrin-12-683x1024.jpg 683w, https:\/\/www.ailesdelinfini.com\/wp-content\/uploads\/2023\/02\/Elise_Perrin-12-200x300.jpg 200w, https:\/\/www.ailesdelinfini.com\/wp-content\/uploads\/2023\/02\/Elise_Perrin-12-768x1152.jpg 768w, https:\/\/www.ailesdelinfini.com\/wp-content\/uploads\/2023\/02\/Elise_Perrin-12-1024x1536.jpg 1024w, https:\/\/www.ailesdelinfini.com\/wp-content\/uploads\/2023\/02\/Elise_Perrin-12-1365x2048.jpg 1365w, https:\/\/www.ailesdelinfini.com\/wp-content\/uploads\/2023\/02\/Elise_Perrin-12-scaled.jpg 1707w\" sizes=\"auto, (max-width: 197px) 100vw, 197px\" \/><\/figure>\n<\/div>\n\n\n\n<div class=\"wp-block-column is-layout-flow wp-block-column-is-layout-flow\" style=\"flex-basis:66.66%\">\n<p class=\"has-text-align-left\">M\u00e9thode douce, compl\u00e9mentaire \u00e0 la kin\u00e9siologie, elle correspond \u00e0 un prolongement de l\u2019hom\u00e9opathie. <\/p>\n\n\n\n<p class=\"has-text-align-left\">Elle permet d\u2019identifier les toxines n\u2019ayant pues \u00eatre ing\u00e9r\u00e9es par le corps. Et le second avantage consiste, \u00e0 d\u00e9celer les toxines qui peuvent potentiellement \u00eatre \u00e0 l\u2019origine des maux actuels dont vous pouvez souffrir. <\/p>\n\n\n\n<p class=\"has-text-align-left\">En r\u00e9sum\u00e9, cette pratique permet de \u00ab&nbsp;nettoyer&nbsp;\u00bb les intoxinations tant actuelles que pass\u00e9es &#8230; dont leurs \u00ab&nbsp;empreintes&nbsp;\u00bb. &nbsp;<\/p>\n<\/div>\n<\/div>\n\n\n\n<p>Afin d&rsquo;identifier avec quelles toxines vous avez pu \u00eatre en contact, je vous appelle quelques jour avant pour renseigner ensemble un questionnaire. Toutes les informations obtenues me permettent de pr\u00e9parer ensuite votre s\u00e9ance. <\/p>\n\n\n\n<p>Puis, en s\u00e9ance le corps indique les toxines auxquels vous \u00eates sensibles. Cela me permet de trouver la combinaison juste et prioritaire pour cr\u00e9er votre carte cutan\u00e9e hom\u00e9opathique. C&rsquo;est gr\u00e2ce \u00e0 elle, que vous r\u00e9aliserez votre cure de d\u00e9toxination \u00e0 fleur de peau. <\/p>\n\n\n\n<p>Si dans un second temps, vous souhaitez que votre corps vous r\u00e9v\u00e8le l\u2019origine de vos toxines pour le lib\u00e9rer de la charge \u00e9motionnelle en lien, alors nous r\u00e9aliserons une s\u00e9ance de kin\u00e9siologie. <\/p>\n\n\n\n<p>Cette pratique permet de lever des \u00ab&nbsp;barri\u00e8res&nbsp;\u00bb ou des \u00ab&nbsp;paliers&nbsp;\u00bb auxquelles nous sommes confront\u00e9s, pour retrouver par la suite nos pleines capacit\u00e9s et notre \u00e9quilibre int\u00e9rieur.<\/p>\n\n\n\n<div class=\"wp-block-columns is-layout-flex wp-container-core-columns-is-layout-9d6595d7 wp-block-columns-is-layout-flex\">\n<div class=\"wp-block-column is-layout-flow wp-block-column-is-layout-flow\" style=\"flex-basis:66.66%\">\n<h2 class=\"wp-block-heading\">Pour Qui ? <\/h2>\n\n\n\n<p>Pour tous, petits et grands. <\/p>\n\n\n\n<p>En effet, une s\u00e9ance \u00e0 de D\u00e9toxination \u00e0 Fleur de Peau, peut aussi bien \u00eatre b\u00e9n\u00e9fique aux adultes qu&rsquo;aux enfants. Tout d&rsquo;abord par rapport \u00e0 ce que nous ing\u00e9rons, y compris sans nous en rendre compte (m\u00e9taux lourds, pesticides, vaccins, m\u00e9dicaments&#8230;). Et d&rsquo;autre part, par rapport \u00e0 ce que nous h\u00e9ritons de nos anc\u00eatres, de part la m\u00e9moire cellulaire. Celle ci peut impacter notre organisme. <\/p>\n<\/div>\n\n\n\n<div class=\"wp-block-column is-layout-flow wp-block-column-is-layout-flow\" style=\"flex-basis:33.33%\">\n<figure class=\"wp-block-image size-large is-resized is-style-rounded\"><img loading=\"lazy\" decoding=\"async\" src=\"https:\/\/www.ailesdelinfini.com\/wp-content\/uploads\/2023\/02\/IMG_5531-768x1024.jpg\" alt=\"\" class=\"wp-image-328\" width=\"246\" height=\"328\" srcset=\"https:\/\/www.ailesdelinfini.com\/wp-content\/uploads\/2023\/02\/IMG_5531-768x1024.jpg 768w, https:\/\/www.ailesdelinfini.com\/wp-content\/uploads\/2023\/02\/IMG_5531-225x300.jpg 225w, https:\/\/www.ailesdelinfini.com\/wp-content\/uploads\/2023\/02\/IMG_5531-1152x1536.jpg 1152w, https:\/\/www.ailesdelinfini.com\/wp-content\/uploads\/2023\/02\/IMG_5531-rotated.jpg 1512w\" sizes=\"auto, (max-width: 246px) 100vw, 246px\" \/><\/figure>\n<\/div>\n<\/div>\n","protected":false},"excerpt":{"rendered":"<p>La d\u00e9toxination \u00e0 fleur de peau, en quoi cela consiste M\u00e9thode douce, compl\u00e9mentaire \u00e0 la kin\u00e9siologie, elle correspond \u00e0 un prolongement de l\u2019hom\u00e9opathie. Elle permet d\u2019identifier les toxines n\u2019ayant pues \u00eatre ing\u00e9r\u00e9es par le corps. Et le second avantage consiste, \u00e0 d\u00e9celer les toxines qui peuvent potentiellement \u00eatre \u00e0 l\u2019origine des maux actuels dont vous &hellip; <\/p>\n<p class=\"link-more\"><a href=\"https:\/\/www.ailesdelinfini.com\/?page_id=290\" class=\"more-link\">Continuer la lecture<span class=\"screen-reader-text\"> de &laquo;&nbsp;D\u00e9toxination \u00e0 fleur de peau&nbsp;&raquo;<\/span><\/a><\/p>\n","protected":false},"author":1,"featured_media":0,"parent":0,"menu_order":0,"comment_status":"closed","ping_status":"closed","template":"","meta":{"footnotes":""},"class_list":["post-290","page","type-page","status-publish","hentry"],"_links":{"self":[{"href":"https:\/\/www.ailesdelinfini.com\/index.php?rest_route=\/wp\/v2\/pages\/290","targetHints":{"allow":["GET"]}}],"collection":[{"href":"https:\/\/www.ailesdelinfini.com\/index.php?rest_route=\/wp\/v2\/pages"}],"about":[{"href":"https:\/\/www.ailesdelinfini.com\/index.php?rest_route=\/wp\/v2\/types\/page"}],"author":[{"embeddable":true,"href":"https:\/\/www.ailesdelinfini.com\/index.php?rest_route=\/wp\/v2\/users\/1"}],"replies":[{"embeddable":true,"href":"https:\/\/www.ailesdelinfini.com\/index.php?rest_route=%2Fwp%2Fv2%2Fcomments&post=290"}],"version-history":[{"count":13,"href":"https:\/\/www.ailesdelinfini.com\/index.php?rest_route=\/wp\/v2\/pages\/290\/revisions"}],"predecessor-version":[{"id":368,"href":"https:\/\/www.ailesdelinfini.com\/index.php?rest_route=\/wp\/v2\/pages\/290\/revisions\/368"}],"wp:attachment":[{"href":"https:\/\/www.ailesdelinfini.com\/index.php?rest_route=%2Fwp%2Fv2%2Fmedia&parent=290"}],"curies":[{"name":"wp","href":"https:\/\/api.w.org\/{rel}","templated":true}]}}