{"id":2,"date":"2022-11-15T22:38:29","date_gmt":"2022-11-15T21:38:29","guid":{"rendered":"https:\/\/www.ailesdelinfini.com\/?page_id=2"},"modified":"2023-02-03T00:31:40","modified_gmt":"2023-02-02T23:31:40","slug":"page-d-exemple","status":"publish","type":"page","link":"https:\/\/www.ailesdelinfini.com\/?page_id=2","title":{"rendered":"R\u00e9flexologie cranio sacr\u00e9e"},"content":{"rendered":"\n<h2 class=\"wp-block-heading\">La r\u00e9flexologie cranio sacr\u00e9e \u00ab\u00a0A l&rsquo;\u00e9coute du corps\u00a0\u00bb<\/h2>\n\n\n\n<div class=\"wp-block-columns is-layout-flex wp-container-core-columns-is-layout-9d6595d7 wp-block-columns-is-layout-flex\">\n<div class=\"wp-block-column is-layout-flow wp-block-column-is-layout-flow\" style=\"flex-basis:66.66%\">\n<p>Pratique douce, qui permet via l&rsquo;\u00e9coute des mouvements fluidiques du corps d&rsquo;identifier les perturbations \u00e9nerg\u00e9tiques, de r\u00e9\u00e9quilibrer le bassin, et d&rsquo;\u00e9liminer les l\u00e9sions vert\u00e9brales. La technique consiste \u00e0 relancer l&rsquo;\u00e9nergie sur les points de blocage et ainsi de montrer au corps le chemin pour avoir une circulation \u00e9nerg\u00e9tique fluide. Le corps est ensuite en capacit\u00e9 de retrouver ses ressources d&rsquo;adaptabilit\u00e9s et son \u00e9quilibre. <\/p>\n<\/div>\n\n\n\n<div class=\"wp-block-column is-layout-flow wp-block-column-is-layout-flow\" style=\"flex-basis:33.33%\">\n<figure class=\"wp-block-image size-large is-resized is-style-rounded\"><img loading=\"lazy\" decoding=\"async\" src=\"https:\/\/www.ailesdelinfini.com\/wp-content\/uploads\/2023\/01\/Elise_Perrin-53-1024x683.jpg\" alt=\"\" class=\"wp-image-156\" width=\"304\" height=\"202\" srcset=\"https:\/\/www.ailesdelinfini.com\/wp-content\/uploads\/2023\/01\/Elise_Perrin-53-1024x683.jpg 1024w, https:\/\/www.ailesdelinfini.com\/wp-content\/uploads\/2023\/01\/Elise_Perrin-53-300x200.jpg 300w, https:\/\/www.ailesdelinfini.com\/wp-content\/uploads\/2023\/01\/Elise_Perrin-53-768x512.jpg 768w, https:\/\/www.ailesdelinfini.com\/wp-content\/uploads\/2023\/01\/Elise_Perrin-53-1536x1024.jpg 1536w, https:\/\/www.ailesdelinfini.com\/wp-content\/uploads\/2023\/01\/Elise_Perrin-53-2048x1365.jpg 2048w\" sizes=\"auto, (max-width: 304px) 100vw, 304px\" \/><\/figure>\n<\/div>\n<\/div>\n\n\n\n<p>Pratique douce, qui permet via l&rsquo;\u00e9coute des mouvements fluidiques du corps d&rsquo;identifier les perturbations \u00e9nerg\u00e9tiques, de r\u00e9\u00e9quilibrer le bassin, et d&rsquo;\u00e9liminer les l\u00e9sions vert\u00e9brales. La technique consiste \u00e0 relancer l&rsquo;\u00e9nergie sur les points de blocage et ainsi de montrer au corps le chemin pour avoir une circulation \u00e9nerg\u00e9tique fluide. Le corps est ensuite en capacit\u00e9 de retrouver ses ressources d&rsquo;adaptabilit\u00e9s et son \u00e9quilibre. <\/p>\n\n\n\n<p>Cette approche est tr\u00e8s compl\u00e9mentaire \u00e0 la kin\u00e9siologie du fait qu&rsquo;elle permet de lib\u00e9rer les m\u00e9moires \u00e9motionnelles et physiques au niveau de notre mati\u00e8re, notre corps. <\/p>\n\n\n\n<p>Par exemple : une personne subit une op\u00e9ration, on peut lib\u00e9rer la m\u00e9moire du corps sur le plan physique en plus de l&rsquo;\u00e9motionnel que nous pourrons traiter avec la kin\u00e9siologie. <\/p>\n\n\n\n<h2 class=\"wp-block-heading\">Un peu d&rsquo;histoire <\/h2>\n\n\n\n<p>Elle trouve son origine aux Etats Unis, avec la naissance de l&rsquo;ost\u00e9opathie cr\u00e2nienne, avec le Docteur Sutherland (1873 &#8211; 1954). Il comprend la mall\u00e9abilit\u00e9 du cr\u00e2ne, et l&#8217;embo\u00eetement de ses diff\u00e9rents os. <\/p>\n\n\n\n<p>En France, M. Maurice Raymont Poyet (1928 &#8211; 1996), simplifia et d\u00e9veloppa l&rsquo;ost\u00e9opathie structurelle et cr\u00e2nienne. Puis le Docteur Jean Marchandise (1954 -), structura cette nouvelle technique et l&rsquo;intitula \u00ab\u00a0A l&rsquo;\u00e9coute du corps\u00a0\u00bb. <\/p>\n\n\n\n<h2 class=\"wp-block-heading\">Pour qui ?<\/h2>\n\n\n\n<p>Pour tous, quelque soit son \u00e2ge.<\/p>\n\n\n\n<p>La seule contre indication \u00e0 cette m\u00e9thode de pr\u00e9vention pour rester en bonne sant\u00e9 est l&rsquo;hypertension art\u00e9rielle et l&rsquo;\u00e9pilepsie. <\/p>\n\n\n\n<p><\/p>\n\n\n\n<h2 class=\"wp-block-heading\">Comment le corps peut-il subir des blocages ? <\/h2>\n\n\n\n<div class=\"wp-block-columns is-layout-flex wp-container-core-columns-is-layout-9d6595d7 wp-block-columns-is-layout-flex\">\n<div class=\"wp-block-column is-layout-flow wp-block-column-is-layout-flow\" style=\"flex-basis:33.33%\">\n<figure class=\"wp-block-image size-large is-resized is-style-rounded\"><img loading=\"lazy\" decoding=\"async\" src=\"https:\/\/www.ailesdelinfini.com\/wp-content\/uploads\/2023\/01\/Elise_Perrin-50-1024x683.jpg\" alt=\"\" class=\"wp-image-155\" width=\"235\" height=\"156\" srcset=\"https:\/\/www.ailesdelinfini.com\/wp-content\/uploads\/2023\/01\/Elise_Perrin-50-1024x683.jpg 1024w, https:\/\/www.ailesdelinfini.com\/wp-content\/uploads\/2023\/01\/Elise_Perrin-50-300x200.jpg 300w, https:\/\/www.ailesdelinfini.com\/wp-content\/uploads\/2023\/01\/Elise_Perrin-50-768x512.jpg 768w, https:\/\/www.ailesdelinfini.com\/wp-content\/uploads\/2023\/01\/Elise_Perrin-50-1536x1024.jpg 1536w, https:\/\/www.ailesdelinfini.com\/wp-content\/uploads\/2023\/01\/Elise_Perrin-50-2048x1365.jpg 2048w\" sizes=\"auto, (max-width: 235px) 100vw, 235px\" \/><\/figure>\n<\/div>\n\n\n\n<div class=\"wp-block-column is-layout-flow wp-block-column-is-layout-flow\" style=\"flex-basis:66.66%\">\n<p>L&rsquo;organisme doit s&rsquo;adapter \u00e0 chaque instant, par exemple lorsqu&rsquo;il re\u00e7oit un choc \/ un traumatisme qu&rsquo;il soit d&rsquo;ordre \u00e9motionnel, physique, psychique ou thermique. Par exemple, une personne se fait mal \u00e0 une jambe. Afin de supporter au mieux la douleur, le corps naturellement compensera en mettant plus d&rsquo;appui sur la jambe qui ne souffre pas. A ce moment pr\u00e9cis, le corps met en place un syst\u00e8me d&rsquo;auto \u00e9quilibration. <\/p>\n\n\n\n<div class=\"wp-block-columns is-layout-flex wp-container-core-columns-is-layout-9d6595d7 wp-block-columns-is-layout-flex\">\n<div class=\"wp-block-column is-layout-flow wp-block-column-is-layout-flow\">\n<p><\/p>\n<\/div>\n<\/div>\n<\/div>\n<\/div>\n\n\n\n<p><\/p>\n","protected":false},"excerpt":{"rendered":"<p>La r\u00e9flexologie cranio sacr\u00e9e \u00ab\u00a0A l&rsquo;\u00e9coute du corps\u00a0\u00bb Pratique douce, qui permet via l&rsquo;\u00e9coute des mouvements fluidiques du corps d&rsquo;identifier les perturbations \u00e9nerg\u00e9tiques, de r\u00e9\u00e9quilibrer le bassin, et d&rsquo;\u00e9liminer les l\u00e9sions vert\u00e9brales. La technique consiste \u00e0 relancer l&rsquo;\u00e9nergie sur les points de blocage et ainsi de montrer au corps le chemin pour avoir une circulation &hellip; <\/p>\n<p class=\"link-more\"><a href=\"https:\/\/www.ailesdelinfini.com\/?page_id=2\" class=\"more-link\">Continuer la lecture<span class=\"screen-reader-text\"> de &laquo;&nbsp;R\u00e9flexologie cranio sacr\u00e9e&nbsp;&raquo;<\/span><\/a><\/p>\n","protected":false},"author":1,"featured_media":0,"parent":0,"menu_order":0,"comment_status":"closed","ping_status":"open","template":"","meta":{"footnotes":""},"class_list":["post-2","page","type-page","status-publish","hentry"],"_links":{"self":[{"href":"https:\/\/www.ailesdelinfini.com\/index.php?rest_route=\/wp\/v2\/pages\/2","targetHints":{"allow":["GET"]}}],"collection":[{"href":"https:\/\/www.ailesdelinfini.com\/index.php?rest_route=\/wp\/v2\/pages"}],"about":[{"href":"https:\/\/www.ailesdelinfini.com\/index.php?rest_route=\/wp\/v2\/types\/page"}],"author":[{"embeddable":true,"href":"https:\/\/www.ailesdelinfini.com\/index.php?rest_route=\/wp\/v2\/users\/1"}],"replies":[{"embeddable":true,"href":"https:\/\/www.ailesdelinfini.com\/index.php?rest_route=%2Fwp%2Fv2%2Fcomments&post=2"}],"version-history":[{"count":10,"href":"https:\/\/www.ailesdelinfini.com\/index.php?rest_route=\/wp\/v2\/pages\/2\/revisions"}],"predecessor-version":[{"id":317,"href":"https:\/\/www.ailesdelinfini.com\/index.php?rest_route=\/wp\/v2\/pages\/2\/revisions\/317"}],"wp:attachment":[{"href":"https:\/\/www.ailesdelinfini.com\/index.php?rest_route=%2Fwp%2Fv2%2Fmedia&parent=2"}],"curies":[{"name":"wp","href":"https:\/\/api.w.org\/{rel}","templated":true}]}}