{"id":12,"date":"2022-11-15T22:49:01","date_gmt":"2022-11-15T21:49:01","guid":{"rendered":"https:\/\/www.ailesdelinfini.com\/?page_id=12"},"modified":"2023-02-03T00:05:50","modified_gmt":"2023-02-02T23:05:50","slug":"une-section-de-page-daccueil","status":"publish","type":"page","link":"https:\/\/www.ailesdelinfini.com\/?page_id=12","title":{"rendered":"Qu&rsquo;est ce que la Kin\u00e9siologie ?"},"content":{"rendered":"\n<div class=\"wp-block-columns is-layout-flex wp-container-core-columns-is-layout-9d6595d7 wp-block-columns-is-layout-flex\">\n<div class=\"wp-block-column is-layout-flow wp-block-column-is-layout-flow\" style=\"flex-basis:33.33%\">\n<figure class=\"wp-block-image size-large is-resized is-style-rounded\"><img loading=\"lazy\" decoding=\"async\" src=\"https:\/\/www.ailesdelinfini.com\/wp-content\/uploads\/2023\/01\/Elise_Perrin-22-1024x683.jpg\" alt=\"\" class=\"wp-image-149\" width=\"206\" height=\"137\" srcset=\"https:\/\/www.ailesdelinfini.com\/wp-content\/uploads\/2023\/01\/Elise_Perrin-22-1024x683.jpg 1024w, https:\/\/www.ailesdelinfini.com\/wp-content\/uploads\/2023\/01\/Elise_Perrin-22-300x200.jpg 300w, https:\/\/www.ailesdelinfini.com\/wp-content\/uploads\/2023\/01\/Elise_Perrin-22-768x512.jpg 768w, https:\/\/www.ailesdelinfini.com\/wp-content\/uploads\/2023\/01\/Elise_Perrin-22-1536x1024.jpg 1536w, https:\/\/www.ailesdelinfini.com\/wp-content\/uploads\/2023\/01\/Elise_Perrin-22-2048x1365.jpg 2048w\" sizes=\"auto, (max-width: 206px) 100vw, 206px\" \/><\/figure>\n<\/div>\n\n\n\n<div class=\"wp-block-column is-layout-flow wp-block-column-is-layout-flow\" style=\"flex-basis:66.66%\">\n<p>Derri\u00e8re ce nom plut\u00f4t long et qui peut \u00e9ventuellement vous para\u00eetre  \u00e9trange \u2026. Se cache une pratique tr\u00e8s r\u00e9pandue aux Etats Unis, et en plein essor. La kin\u00e9siologie est pratiqu\u00e9e dans plus de 100 pays. Et en France, on compte environ 5000 kin\u00e9siologues.<\/p>\n<\/div>\n<\/div>\n\n\n\n<p>Elle est n\u00e9e dans les ann\u00e9es 60 aux Etats Unis par un Chiropracteur (Dr Goodheart). Il a d\u00e9couvert que le corps r\u00e9agissait musculairement au stress. Il a \u00e9galement d\u00e9couvert l\u2019interaction entre les muscles, les organes et les m\u00e9ridiens.<\/p>\n\n\n\n<p>Puis dans les ann\u00e9es 70, un autre Docteur et Chiropracteur, le Dr John Thie, a d\u00e9mocratis\u00e9 la kin\u00e9siologie aux Etats Unis. En effet, il a d\u00e9velopp\u00e9 le \u00ab\u00a0Toucher par la Sant\u00e9\u00a0\u00bb soit le&nbsp;\u00ab\u00a0Touch for Health\u00a0\u00bb, un syst\u00e8me de tests musculaires qui peut \u00eatre appris par tous et qui permet de d\u00e9couvrir et d&rsquo;harmoniser les blocages de l&rsquo;\u00e9nergie vitale gr\u00e2ce \u00e0 la connaissance des 14 muscles en lien avec les 14 m\u00e9ridiens principaux, et les diff\u00e9rents organes de l&rsquo;organisme.<\/p>\n\n\n\n<p>Vous me direz mais \u00e0 quoi sert la kin\u00e9siologie&nbsp;? \u00c7a sert \u00e0 vous accompagner sur votre chemin du mieux-\u00eatre. \u2026. Retourner \u00e0 la source des maux pour vous en affranchir, pour vous en lib\u00e9rer et \u00e9voluer \u00e0 l\u2019Infini.<\/p>\n\n\n\n<p>Mais comment&nbsp;? Sans baguette magique, promis \ud83d\ude09 En effet, le corps garde en m\u00e9moire absolument tout\u2026. m\u00eames nos souvenirs que nous avons oubli\u00e9s. Et, gr\u00e2ce \u00e0 la kin\u00e9siologie, il est possible d&rsquo;identifier l&rsquo;origine des somatisations en dialoguant avec le corps (test musculaire), puis d\u2019y rem\u00e9dier&nbsp;par la r\u00e9alisation de protocoles qui vise \u00e0 vous permettre de retrouver votre \u00e9quilibre int\u00e9rieur (hom\u00e9ostasie). <\/p>\n\n\n\n<p>La kin\u00e9siologie ne se substitue en aucun cas \u00e0 la m\u00e9decine conventionnelle, ni \u00e0 un v\u00e9t\u00e9rinaire. Aucun traitement m\u00e9dical ne vous sera prescrit. <\/p>\n\n\n\n<p>En revanche la pratique de la kin\u00e9siologie peut \u00eatre compl\u00e9mentaire \u00e0 la m\u00e9decine conventionnelle, l&rsquo;ost\u00e9opathie, la kin\u00e9sith\u00e9rapie, l&rsquo;orthophonie, une psychoth\u00e9rapie, etc.<\/p>\n\n\n<div class=\"wp-block-image is-style-rounded\">\n<figure class=\"aligncenter size-medium\"><img loading=\"lazy\" decoding=\"async\" width=\"200\" height=\"300\" src=\"https:\/\/www.ailesdelinfini.com\/wp-content\/uploads\/2023\/01\/Elise_Perrin-58-200x300.jpg\" alt=\"\" class=\"wp-image-186\" srcset=\"https:\/\/www.ailesdelinfini.com\/wp-content\/uploads\/2023\/01\/Elise_Perrin-58-200x300.jpg 200w, https:\/\/www.ailesdelinfini.com\/wp-content\/uploads\/2023\/01\/Elise_Perrin-58-683x1024.jpg 683w, https:\/\/www.ailesdelinfini.com\/wp-content\/uploads\/2023\/01\/Elise_Perrin-58-768x1152.jpg 768w, https:\/\/www.ailesdelinfini.com\/wp-content\/uploads\/2023\/01\/Elise_Perrin-58-1024x1536.jpg 1024w, https:\/\/www.ailesdelinfini.com\/wp-content\/uploads\/2023\/01\/Elise_Perrin-58-1365x2048.jpg 1365w, https:\/\/www.ailesdelinfini.com\/wp-content\/uploads\/2023\/01\/Elise_Perrin-58-scaled.jpg 1707w\" sizes=\"auto, (max-width: 200px) 100vw, 200px\" \/><\/figure>\n<\/div>\n\n\n<p>\u200b<\/p>\n\n\n\n<p><\/p>\n\n\n\n<p>\u200b<\/p>\n\n\n\n<p><\/p>\n\n\n\n<p><\/p>\n\n\n\n<p><\/p>\n\n\n\n<p><\/p>\n\n\n\n<p><\/p>\n\n\n\n<p><\/p>\n","protected":false},"excerpt":{"rendered":"<p>Derri\u00e8re ce nom plut\u00f4t long et qui peut \u00e9ventuellement vous para\u00eetre \u00e9trange \u2026. Se cache une pratique tr\u00e8s r\u00e9pandue aux Etats Unis, et en plein essor. La kin\u00e9siologie est pratiqu\u00e9e dans plus de 100 pays. Et en France, on compte environ 5000 kin\u00e9siologues. Elle est n\u00e9e dans les ann\u00e9es 60 aux Etats Unis par un &hellip; <\/p>\n<p class=\"link-more\"><a href=\"https:\/\/www.ailesdelinfini.com\/?page_id=12\" class=\"more-link\">Continuer la lecture<span class=\"screen-reader-text\"> de &laquo;&nbsp;Qu&rsquo;est ce que la Kin\u00e9siologie ?&nbsp;&raquo;<\/span><\/a><\/p>\n","protected":false},"author":1,"featured_media":148,"parent":0,"menu_order":0,"comment_status":"closed","ping_status":"closed","template":"","meta":{"footnotes":""},"class_list":["post-12","page","type-page","status-publish","has-post-thumbnail","hentry"],"_links":{"self":[{"href":"https:\/\/www.ailesdelinfini.com\/index.php?rest_route=\/wp\/v2\/pages\/12","targetHints":{"allow":["GET"]}}],"collection":[{"href":"https:\/\/www.ailesdelinfini.com\/index.php?rest_route=\/wp\/v2\/pages"}],"about":[{"href":"https:\/\/www.ailesdelinfini.com\/index.php?rest_route=\/wp\/v2\/types\/page"}],"author":[{"embeddable":true,"href":"https:\/\/www.ailesdelinfini.com\/index.php?rest_route=\/wp\/v2\/users\/1"}],"replies":[{"embeddable":true,"href":"https:\/\/www.ailesdelinfini.com\/index.php?rest_route=%2Fwp%2Fv2%2Fcomments&post=12"}],"version-history":[{"count":30,"href":"https:\/\/www.ailesdelinfini.com\/index.php?rest_route=\/wp\/v2\/pages\/12\/revisions"}],"predecessor-version":[{"id":313,"href":"https:\/\/www.ailesdelinfini.com\/index.php?rest_route=\/wp\/v2\/pages\/12\/revisions\/313"}],"wp:featuredmedia":[{"embeddable":true,"href":"https:\/\/www.ailesdelinfini.com\/index.php?rest_route=\/wp\/v2\/media\/148"}],"wp:attachment":[{"href":"https:\/\/www.ailesdelinfini.com\/index.php?rest_route=%2Fwp%2Fv2%2Fmedia&parent=12"}],"curies":[{"name":"wp","href":"https:\/\/api.w.org\/{rel}","templated":true}]}}