{"id":100,"date":"2023-01-05T23:22:17","date_gmt":"2023-01-05T22:22:17","guid":{"rendered":"https:\/\/www.ailesdelinfini.com\/?page_id=100"},"modified":"2023-02-22T16:26:13","modified_gmt":"2023-02-22T15:26:13","slug":"seance","status":"publish","type":"page","link":"https:\/\/www.ailesdelinfini.com\/?page_id=100","title":{"rendered":"S\u00e9ances de kin\u00e9siologie"},"content":{"rendered":"\n<h2 class=\"wp-block-heading\">La kin\u00e9siologie s\u2019adresse \u00e0 tous, petits et grands<\/h2>\n\n\n\n<ul class=\"wp-block-list\">\n<li>B\u00e9b\u00e9s, enfants, adolescents, femmes enceintes, adultes (homme &amp; femme) sans limite d\u2019\u00e2ges;<\/li>\n\n\n\n<li>Tous nos amis les animaux.<\/li>\n<\/ul>\n\n\n\n<p>A partir de 6\/7 ans la s\u00e9ance est r\u00e9alis\u00e9e directement sur l\u2019enfant. Avant, la s\u00e9ance est r\u00e9alis\u00e9e sur le parent accompagnateur, en pr\u00e9sence de l\u2019enfant.<\/p>\n\n\n\n<p>Pour les femmes enceintes, il sera pris en compte leur b\u00e9b\u00e9. Il sera demand\u00e9 au b\u00e9b\u00e9, via le test musculaire, l\u2019autorisation de faire la s\u00e9ance.<\/p>\n\n\n\n<p>Je d\u00e9bute la s\u00e9ance par ce que nous appelons des pr\u00e9 tests, &nbsp;exercices de mise en route afin de m&rsquo;assurer la bonne transmission des informations par votre corps, pour op\u00e9rer le dialogue. Puis, vous vous allongez habill\u00e9 sur une table de massage, sans vos chaussures.<\/p>\n\n\n\n<p>En s\u00e9ance,  vous allez m\u2019exposer, me confier le sujet que vous souhaitez que nous travaillons ensemble. Puis gr\u00e2ce \u00e0 une pression l\u00e9g\u00e8re r\u00e9alis\u00e9e sur le muscle de votre bras (test musculaire), je pourrai acc\u00e9der avec vous aux \u00e9motions en lien avec votre demande, les maux associ\u00e9s et remonter progressivement \u00e0 leur origine. Durant la s\u00e9ance je r\u00e9aliserai les \u00e9quilibrations n\u00e9cessaires permettant d\u2019att\u00e9nuer et de vous lib\u00e9rer de votre charge \u00e9motionnelle et de retrouver vos pleines capacit\u00e9s. <\/p>\n\n\n\n<p>Tous les changements qui s&rsquo;op\u00e9reront seront gr\u00e2ce \u00e0 vous. Ils pourront se faire ressentir tant en s\u00e9ance, que dans les heures qui suivent et les jours qui suivront. <\/p>\n\n\n\n<p><\/p>\n\n\n\n<h2 class=\"wp-block-heading\">Pourquoi prendre un rendez-vous ?<\/h2>\n\n\n\n<div class=\"wp-block-columns is-layout-flex wp-container-core-columns-is-layout-9d6595d7 wp-block-columns-is-layout-flex\">\n<div class=\"wp-block-column is-layout-flow wp-block-column-is-layout-flow\">\n<figure class=\"wp-block-image size-large is-resized is-style-rounded\"><img loading=\"lazy\" decoding=\"async\" src=\"https:\/\/www.ailesdelinfini.com\/wp-content\/uploads\/2023\/02\/Elise_Perrin-56-1024x683.jpg\" alt=\"\" class=\"wp-image-306\" width=\"275\" height=\"183\" srcset=\"https:\/\/www.ailesdelinfini.com\/wp-content\/uploads\/2023\/02\/Elise_Perrin-56-1024x683.jpg 1024w, https:\/\/www.ailesdelinfini.com\/wp-content\/uploads\/2023\/02\/Elise_Perrin-56-300x200.jpg 300w, https:\/\/www.ailesdelinfini.com\/wp-content\/uploads\/2023\/02\/Elise_Perrin-56-768x512.jpg 768w, https:\/\/www.ailesdelinfini.com\/wp-content\/uploads\/2023\/02\/Elise_Perrin-56-1536x1024.jpg 1536w, https:\/\/www.ailesdelinfini.com\/wp-content\/uploads\/2023\/02\/Elise_Perrin-56-2048x1365.jpg 2048w\" sizes=\"auto, (max-width: 275px) 100vw, 275px\" \/><\/figure>\n<\/div>\n\n\n\n<div class=\"wp-block-column is-layout-flow wp-block-column-is-layout-flow\">\n<p>Pour vous lib\u00e9rer du poids de votre stress et des m\u00e9moires de votre corps qui vous freinent dans votre r\u00e9alisation quotidienne et dans votre plein \u00e9panouissement. <\/p>\n\n\n\n<p>Pour \u00e9galement retrouver votre harmonie int\u00e9rieure, \u00e9nerg\u00e9tique et \u00e9motionnelle. <\/p>\n<\/div>\n<\/div>\n\n\n\n<p>Ainsi les s\u00e9ances de kin\u00e9siologie, vous accompagnent pour prendre soin de vous, retrouver votre \u00e9quilibre, vous lib\u00e9rer de vos blocages, d\u00e9velopper votre confiance en vous, prendre de la hauteur, mieux g\u00e9rer votre stress, vous lib\u00e9rer de vos peurs ou de vos angoisses, fluidifier votre prise de d\u00e9cision, s\u2019autoriser \u00e0 \u00eatre soi-m\u00eame, se r\u00e9v\u00e9ler, oser r\u00e9ussir, exprimer ses \u00e9motions, retrouver sa joie de vivre, lib\u00e9rer vos maux physiques et psychiques, concr\u00e9tiser vos projets, d\u00e9toxiner votre corps, vous sentir en pleine forme, acc\u00e9der \u00e0 votre plein potentiel\u2026.<\/p>\n\n\n\n<p><\/p>\n\n\n\n<p>Nous pouvons avoir tendance \u00e0 nous accorder moins d&rsquo;attention qu&rsquo;aux autres, et si cette fois ci vous vous accordiez cet instant privil\u00e9gi\u00e9 de connexion avec vous m\u00eame en venant me consulter pour une s\u00e9ance ?<\/p>\n\n\n\n<h2 class=\"wp-block-heading\">Questions fr\u00e9quentes <\/h2>\n\n\n\n<p>On me demande r\u00e9guli\u00e8rement combien de s\u00e9ances sont n\u00e9cessaires ? <\/p>\n\n\n\n<div class=\"wp-block-columns is-layout-flex wp-container-core-columns-is-layout-9d6595d7 wp-block-columns-is-layout-flex\">\n<div class=\"wp-block-column is-layout-flow wp-block-column-is-layout-flow\" style=\"flex-basis:33.33%\">\n<figure class=\"wp-block-image size-large is-resized is-style-rounded\"><img loading=\"lazy\" decoding=\"async\" src=\"https:\/\/www.ailesdelinfini.com\/wp-content\/uploads\/2023\/01\/Elise_Perrin-64-1024x683.jpg\" alt=\"\" class=\"wp-image-142\" width=\"212\" height=\"141\" srcset=\"https:\/\/www.ailesdelinfini.com\/wp-content\/uploads\/2023\/01\/Elise_Perrin-64-1024x683.jpg 1024w, https:\/\/www.ailesdelinfini.com\/wp-content\/uploads\/2023\/01\/Elise_Perrin-64-300x200.jpg 300w, https:\/\/www.ailesdelinfini.com\/wp-content\/uploads\/2023\/01\/Elise_Perrin-64-768x512.jpg 768w, https:\/\/www.ailesdelinfini.com\/wp-content\/uploads\/2023\/01\/Elise_Perrin-64-1536x1024.jpg 1536w, https:\/\/www.ailesdelinfini.com\/wp-content\/uploads\/2023\/01\/Elise_Perrin-64-2048x1365.jpg 2048w\" sizes=\"auto, (max-width: 212px) 100vw, 212px\" \/><\/figure>\n<\/div>\n\n\n\n<div class=\"wp-block-column is-layout-flow wp-block-column-is-layout-flow\" style=\"flex-basis:66.66%\">\n<p>Tout le monde est diff\u00e9rent, il n&rsquo;y a pas de r\u00e9ponse unique. De plus, je me laisse totalement guider par le test musculaire pour vous permettre d&rsquo;avancer \u00e0 votre rythme et en toute bienveillance.  A la fin d&rsquo;une s\u00e9ance, nous pouvons tester si vous avez besoin d&rsquo;une autre s\u00e9ance, et si oui \u00e0 partir de quand?<\/p>\n<\/div>\n<\/div>\n\n\n\n<p class=\"has-text-align-left\">Toutefois, pour vous donner un ordre d&rsquo;id\u00e9e, si vous souhaitez avancer sur un sujet en particulier vous pouvez pr\u00e9voir 1 \u00e0 3 s\u00e9ances. Si vous souhaitez approfondir un th\u00e8me, pr\u00e9voyez entre 4 et 6 s\u00e9ances. Et  plus de 6 s\u00e9ances, si vous souhaitez r\u00e9aliser un travail de d\u00e9veloppement personnel en profondeur.<\/p>\n\n\n\n<p>Si vous avez une question, n&rsquo;h\u00e9sitez pas \u00e0 me contacter, cela nous engage juste \u00e0 un moment de partage. <\/p>\n\n\n\n<p><\/p>\n\n\n\n<p><\/p>\n\n\n\n<p><\/p>\n","protected":false},"excerpt":{"rendered":"<p>La kin\u00e9siologie s\u2019adresse \u00e0 tous, petits et grands A partir de 6\/7 ans la s\u00e9ance est r\u00e9alis\u00e9e directement sur l\u2019enfant. Avant, la s\u00e9ance est r\u00e9alis\u00e9e sur le parent accompagnateur, en pr\u00e9sence de l\u2019enfant. Pour les femmes enceintes, il sera pris en compte leur b\u00e9b\u00e9. Il sera demand\u00e9 au b\u00e9b\u00e9, via le test musculaire, l\u2019autorisation de &hellip; <\/p>\n<p class=\"link-more\"><a href=\"https:\/\/www.ailesdelinfini.com\/?page_id=100\" class=\"more-link\">Continuer la lecture<span class=\"screen-reader-text\"> de &laquo;&nbsp;S\u00e9ances de kin\u00e9siologie&nbsp;&raquo;<\/span><\/a><\/p>\n","protected":false},"author":1,"featured_media":0,"parent":0,"menu_order":0,"comment_status":"closed","ping_status":"closed","template":"","meta":{"footnotes":""},"class_list":["post-100","page","type-page","status-publish","hentry"],"_links":{"self":[{"href":"https:\/\/www.ailesdelinfini.com\/index.php?rest_route=\/wp\/v2\/pages\/100","targetHints":{"allow":["GET"]}}],"collection":[{"href":"https:\/\/www.ailesdelinfini.com\/index.php?rest_route=\/wp\/v2\/pages"}],"about":[{"href":"https:\/\/www.ailesdelinfini.com\/index.php?rest_route=\/wp\/v2\/types\/page"}],"author":[{"embeddable":true,"href":"https:\/\/www.ailesdelinfini.com\/index.php?rest_route=\/wp\/v2\/users\/1"}],"replies":[{"embeddable":true,"href":"https:\/\/www.ailesdelinfini.com\/index.php?rest_route=%2Fwp%2Fv2%2Fcomments&post=100"}],"version-history":[{"count":28,"href":"https:\/\/www.ailesdelinfini.com\/index.php?rest_route=\/wp\/v2\/pages\/100\/revisions"}],"predecessor-version":[{"id":332,"href":"https:\/\/www.ailesdelinfini.com\/index.php?rest_route=\/wp\/v2\/pages\/100\/revisions\/332"}],"wp:attachment":[{"href":"https:\/\/www.ailesdelinfini.com\/index.php?rest_route=%2Fwp%2Fv2%2Fmedia&parent=100"}],"curies":[{"name":"wp","href":"https:\/\/api.w.org\/{rel}","templated":true}]}}