{"id":10,"date":"2022-11-15T22:49:01","date_gmt":"2022-11-15T21:49:01","guid":{"rendered":"https:\/\/www.ailesdelinfini.com\/?page_id=10"},"modified":"2023-02-07T20:38:19","modified_gmt":"2023-02-07T19:38:19","slug":"contact","status":"publish","type":"page","link":"https:\/\/www.ailesdelinfini.com\/?page_id=10","title":{"rendered":"Contacts"},"content":{"rendered":"\n<p>Pour tout renseignement, n&rsquo;h\u00e9sitez pas \u00e0 me contacter par :<\/p>\n\n\n\n<p>T\u00e9l\u00e9phone : 07.68.39.12.38<\/p>\n\n\n\n<p>Mail : <a href=\"mailto:contact@ailesdelinfini.com\">contact<\/a>@ailesdelinfini.com<\/p>\n\n\n<div class=\"wp-block-image is-style-rounded\">\n<figure class=\"aligncenter size-medium is-resized\"><img loading=\"lazy\" decoding=\"async\" src=\"https:\/\/www.ailesdelinfini.com\/wp-content\/uploads\/2023\/02\/Elise_Perrin-9-300x200.jpg\" alt=\"\" class=\"wp-image-260\" width=\"362\" height=\"241\" srcset=\"https:\/\/www.ailesdelinfini.com\/wp-content\/uploads\/2023\/02\/Elise_Perrin-9-300x200.jpg 300w, https:\/\/www.ailesdelinfini.com\/wp-content\/uploads\/2023\/02\/Elise_Perrin-9-1024x683.jpg 1024w, https:\/\/www.ailesdelinfini.com\/wp-content\/uploads\/2023\/02\/Elise_Perrin-9-768x512.jpg 768w, https:\/\/www.ailesdelinfini.com\/wp-content\/uploads\/2023\/02\/Elise_Perrin-9-1536x1024.jpg 1536w, https:\/\/www.ailesdelinfini.com\/wp-content\/uploads\/2023\/02\/Elise_Perrin-9-2048x1365.jpg 2048w\" sizes=\"auto, (max-width: 362px) 100vw, 362px\" \/><\/figure>\n<\/div>\n\n\n<h2 class=\"wp-block-heading\">Localisation<\/h2>\n\n\n\n<div class=\"wp-block-columns is-layout-flex wp-container-core-columns-is-layout-9d6595d7 wp-block-columns-is-layout-flex\">\n<div class=\"wp-block-column is-layout-flow wp-block-column-is-layout-flow\">\n<p><strong>Cabinet de kin\u00e9siologie<\/strong><br><em>Les Ailes de l&rsquo;Infini        <br><\/em>17, rue du Moulin de Farault <br>45390 AULNAY LA RIVIERE<\/p>\n<\/div>\n\n\n\n<div class=\"wp-block-column is-layout-flow wp-block-column-is-layout-flow\">\n<p><br><br><\/p>\n<\/div>\n<\/div>\n","protected":false},"excerpt":{"rendered":"<p>Pour tout renseignement, n&rsquo;h\u00e9sitez pas \u00e0 me contacter par : T\u00e9l\u00e9phone : 07.68.39.12.38 Mail : contact@ailesdelinfini.com Localisation Cabinet de kin\u00e9siologieLes Ailes de l&rsquo;Infini 17, rue du Moulin de Farault 45390 AULNAY LA RIVIERE<\/p>\n","protected":false},"author":1,"featured_media":0,"parent":0,"menu_order":0,"comment_status":"closed","ping_status":"closed","template":"","meta":{"footnotes":""},"class_list":["post-10","page","type-page","status-publish","hentry"],"_links":{"self":[{"href":"https:\/\/www.ailesdelinfini.com\/index.php?rest_route=\/wp\/v2\/pages\/10","targetHints":{"allow":["GET"]}}],"collection":[{"href":"https:\/\/www.ailesdelinfini.com\/index.php?rest_route=\/wp\/v2\/pages"}],"about":[{"href":"https:\/\/www.ailesdelinfini.com\/index.php?rest_route=\/wp\/v2\/types\/page"}],"author":[{"embeddable":true,"href":"https:\/\/www.ailesdelinfini.com\/index.php?rest_route=\/wp\/v2\/users\/1"}],"replies":[{"embeddable":true,"href":"https:\/\/www.ailesdelinfini.com\/index.php?rest_route=%2Fwp%2Fv2%2Fcomments&post=10"}],"version-history":[{"count":22,"href":"https:\/\/www.ailesdelinfini.com\/index.php?rest_route=\/wp\/v2\/pages\/10\/revisions"}],"predecessor-version":[{"id":318,"href":"https:\/\/www.ailesdelinfini.com\/index.php?rest_route=\/wp\/v2\/pages\/10\/revisions\/318"}],"wp:attachment":[{"href":"https:\/\/www.ailesdelinfini.com\/index.php?rest_route=%2Fwp%2Fv2%2Fmedia&parent=10"}],"curies":[{"name":"wp","href":"https:\/\/api.w.org\/{rel}","templated":true}]}}